{"id":10,"date":"2020-01-08T07:37:14","date_gmt":"2020-01-08T07:37:14","guid":{"rendered":"http:\/\/herzmomente-fotografie.com\/?page_id=10"},"modified":"2025-12-16T11:42:39","modified_gmt":"2025-12-16T11:42:39","slug":"hochzeit","status":"publish","type":"page","link":"https:\/\/herzmomente-fotografie.com\/?page_id=10","title":{"rendered":"Hochzeit"},"content":{"rendered":"\n<figure class=\"wp-block-image size-large\"><img loading=\"lazy\" decoding=\"async\" width=\"1024\" height=\"683\" src=\"http:\/\/herzmomente-fotografie.com\/wp-content\/uploads\/2025\/12\/CE6A8497-1024x683.jpg\" alt=\"\" class=\"wp-image-1086\" srcset=\"https:\/\/herzmomente-fotografie.com\/wp-content\/uploads\/2025\/12\/CE6A8497-1024x683.jpg 1024w, https:\/\/herzmomente-fotografie.com\/wp-content\/uploads\/2025\/12\/CE6A8497-300x200.jpg 300w, https:\/\/herzmomente-fotografie.com\/wp-content\/uploads\/2025\/12\/CE6A8497-768x512.jpg 768w, https:\/\/herzmomente-fotografie.com\/wp-content\/uploads\/2025\/12\/CE6A8497-1536x1024.jpg 1536w, https:\/\/herzmomente-fotografie.com\/wp-content\/uploads\/2025\/12\/CE6A8497-2048x1365.jpg 2048w\" sizes=\"(max-width: 1024px) 100vw, 1024px\" \/><\/figure>\n\n\n<div class=\"wp-block-image\">\n<figure class=\"aligncenter size-large is-resized\"><img loading=\"lazy\" decoding=\"async\" width=\"1024\" height=\"576\" src=\"http:\/\/herzmomente-fotografie.com\/wp-content\/uploads\/2020\/01\/Herzlich-Willkommen12-1024x576.png\" alt=\"\" class=\"wp-image-216\" style=\"width:465px;height:261px\" srcset=\"https:\/\/herzmomente-fotografie.com\/wp-content\/uploads\/2020\/01\/Herzlich-Willkommen12-1024x576.png 1024w, https:\/\/herzmomente-fotografie.com\/wp-content\/uploads\/2020\/01\/Herzlich-Willkommen12-300x169.png 300w, https:\/\/herzmomente-fotografie.com\/wp-content\/uploads\/2020\/01\/Herzlich-Willkommen12-768x432.png 768w, https:\/\/herzmomente-fotografie.com\/wp-content\/uploads\/2020\/01\/Herzlich-Willkommen12.png 1280w\" sizes=\"(max-width: 1024px) 100vw, 1024px\" \/><\/figure><\/div>\n\n<div class=\"wp-block-image\">\n<figure class=\"aligncenter size-large\"><img loading=\"lazy\" decoding=\"async\" width=\"1024\" height=\"683\" src=\"http:\/\/herzmomente-fotografie.com\/wp-content\/uploads\/2025\/12\/Pinar-Benedict-230-1024x683.jpg\" alt=\"\" class=\"wp-image-1088\" srcset=\"https:\/\/herzmomente-fotografie.com\/wp-content\/uploads\/2025\/12\/Pinar-Benedict-230-1024x683.jpg 1024w, https:\/\/herzmomente-fotografie.com\/wp-content\/uploads\/2025\/12\/Pinar-Benedict-230-300x200.jpg 300w, https:\/\/herzmomente-fotografie.com\/wp-content\/uploads\/2025\/12\/Pinar-Benedict-230-768x512.jpg 768w, https:\/\/herzmomente-fotografie.com\/wp-content\/uploads\/2025\/12\/Pinar-Benedict-230-1536x1024.jpg 1536w, https:\/\/herzmomente-fotografie.com\/wp-content\/uploads\/2025\/12\/Pinar-Benedict-230-2048x1365.jpg 2048w\" sizes=\"(max-width: 1024px) 100vw, 1024px\" \/><\/figure><\/div>\n\n<div class=\"wp-block-image is-style-default\">\n<figure class=\"aligncenter size-large\"><img loading=\"lazy\" decoding=\"async\" width=\"1024\" height=\"683\" src=\"http:\/\/herzmomente-fotografie.com\/wp-content\/uploads\/2025\/12\/Linda-und-Alessandro-53-1024x683.jpg\" alt=\"\" class=\"wp-image-1089\" srcset=\"https:\/\/herzmomente-fotografie.com\/wp-content\/uploads\/2025\/12\/Linda-und-Alessandro-53-1024x683.jpg 1024w, https:\/\/herzmomente-fotografie.com\/wp-content\/uploads\/2025\/12\/Linda-und-Alessandro-53-300x200.jpg 300w, https:\/\/herzmomente-fotografie.com\/wp-content\/uploads\/2025\/12\/Linda-und-Alessandro-53-768x512.jpg 768w, https:\/\/herzmomente-fotografie.com\/wp-content\/uploads\/2025\/12\/Linda-und-Alessandro-53-1536x1024.jpg 1536w, https:\/\/herzmomente-fotografie.com\/wp-content\/uploads\/2025\/12\/Linda-und-Alessandro-53-2048x1365.jpg 2048w\" sizes=\"(max-width: 1024px) 100vw, 1024px\" \/><\/figure><\/div>\n\n<div class=\"wp-block-image is-style-default\">\n<figure class=\"aligncenter size-large\"><img loading=\"lazy\" decoding=\"async\" width=\"683\" height=\"1024\" src=\"http:\/\/herzmomente-fotografie.com\/wp-content\/uploads\/2022\/07\/IMG_0948-683x1024.jpg\" alt=\"\" class=\"wp-image-869\" srcset=\"https:\/\/herzmomente-fotografie.com\/wp-content\/uploads\/2022\/07\/IMG_0948-683x1024.jpg 683w, https:\/\/herzmomente-fotografie.com\/wp-content\/uploads\/2022\/07\/IMG_0948-200x300.jpg 200w, https:\/\/herzmomente-fotografie.com\/wp-content\/uploads\/2022\/07\/IMG_0948-768x1152.jpg 768w, https:\/\/herzmomente-fotografie.com\/wp-content\/uploads\/2022\/07\/IMG_0948-1024x1536.jpg 1024w, https:\/\/herzmomente-fotografie.com\/wp-content\/uploads\/2022\/07\/IMG_0948-1365x2048.jpg 1365w, https:\/\/herzmomente-fotografie.com\/wp-content\/uploads\/2022\/07\/IMG_0948-scaled.jpg 1707w\" sizes=\"(max-width: 683px) 100vw, 683px\" \/><\/figure><\/div>\n\n\n<p class=\"has-text-align-center has-medium-font-size\"><strong> Ich liebe Liebesgeschichten.<\/strong><\/p>\n\n\n\n<p class=\"has-text-align-center\">Und begleite Paare, denen es wichtig ist, dass ich die Unbeschwertheit und Leichtigkeit an diesem besonderen Tag im Leben festhalten darf.  So individuell wie eure Hochzeit, so individuell sind auch die Pakete und Preise, die ich euch anbiete. Grunds\u00e4tzlich aber&nbsp;ist in jedem Paket ein pers\u00f6nliches Treffen enthalten, bei dem wir uns beschnuppern&nbsp;k\u00f6nnen. Wir besprechen ungezwungen den Ablauf eurer Hochzeit und ihr erz\u00e4hlt mir, was euch besonders wichtig ist.<\/p>\n\n\n\n<p class=\"has-text-align-center\">\u200bNach der Hochzeit werden alle gelungenen Bilder&nbsp;von mir digital bearbeitet,  und nach wenigen Wochen auf einem besonderen USB Stick an euch \u00fcbergeben. <\/p>\n\n\n<div class=\"wp-block-image is-style-default\">\n<figure class=\"aligncenter size-large\"><img loading=\"lazy\" decoding=\"async\" width=\"1024\" height=\"683\" src=\"http:\/\/herzmomente-fotografie.com\/wp-content\/uploads\/2022\/12\/CE6A9018-1024x683.jpg\" alt=\"\" class=\"wp-image-936\" srcset=\"https:\/\/herzmomente-fotografie.com\/wp-content\/uploads\/2022\/12\/CE6A9018-1024x683.jpg 1024w, https:\/\/herzmomente-fotografie.com\/wp-content\/uploads\/2022\/12\/CE6A9018-300x200.jpg 300w, https:\/\/herzmomente-fotografie.com\/wp-content\/uploads\/2022\/12\/CE6A9018-768x512.jpg 768w, https:\/\/herzmomente-fotografie.com\/wp-content\/uploads\/2022\/12\/CE6A9018-1536x1024.jpg 1536w, https:\/\/herzmomente-fotografie.com\/wp-content\/uploads\/2022\/12\/CE6A9018-2048x1365.jpg 2048w\" sizes=\"(max-width: 1024px) 100vw, 1024px\" \/><\/figure><\/div>\n\n<div class=\"wp-block-image is-style-default\">\n<figure class=\"aligncenter size-large\"><img loading=\"lazy\" decoding=\"async\" width=\"1024\" height=\"683\" src=\"http:\/\/herzmomente-fotografie.com\/wp-content\/uploads\/2022\/12\/CE6A9031-1024x683.jpg\" alt=\"\" class=\"wp-image-938\" srcset=\"https:\/\/herzmomente-fotografie.com\/wp-content\/uploads\/2022\/12\/CE6A9031-1024x683.jpg 1024w, https:\/\/herzmomente-fotografie.com\/wp-content\/uploads\/2022\/12\/CE6A9031-300x200.jpg 300w, https:\/\/herzmomente-fotografie.com\/wp-content\/uploads\/2022\/12\/CE6A9031-768x512.jpg 768w, https:\/\/herzmomente-fotografie.com\/wp-content\/uploads\/2022\/12\/CE6A9031-1536x1024.jpg 1536w, https:\/\/herzmomente-fotografie.com\/wp-content\/uploads\/2022\/12\/CE6A9031-2048x1365.jpg 2048w\" sizes=\"(max-width: 1024px) 100vw, 1024px\" \/><\/figure><\/div>\n\n<div class=\"wp-block-image\">\n<figure class=\"aligncenter size-large\"><img loading=\"lazy\" decoding=\"async\" width=\"1024\" height=\"683\" src=\"http:\/\/herzmomente-fotografie.com\/wp-content\/uploads\/2021\/10\/IMG_8459-1-1024x683.jpg\" alt=\"\" class=\"wp-image-788\" srcset=\"https:\/\/herzmomente-fotografie.com\/wp-content\/uploads\/2021\/10\/IMG_8459-1-1024x683.jpg 1024w, https:\/\/herzmomente-fotografie.com\/wp-content\/uploads\/2021\/10\/IMG_8459-1-300x200.jpg 300w, https:\/\/herzmomente-fotografie.com\/wp-content\/uploads\/2021\/10\/IMG_8459-1-768x512.jpg 768w, https:\/\/herzmomente-fotografie.com\/wp-content\/uploads\/2021\/10\/IMG_8459-1-1536x1024.jpg 1536w, https:\/\/herzmomente-fotografie.com\/wp-content\/uploads\/2021\/10\/IMG_8459-1-2048x1365.jpg 2048w\" sizes=\"(max-width: 1024px) 100vw, 1024px\" \/><\/figure><\/div>\n\n<div class=\"wp-block-image is-style-default\">\n<figure class=\"aligncenter size-large\"><img loading=\"lazy\" decoding=\"async\" width=\"1024\" height=\"683\" src=\"http:\/\/herzmomente-fotografie.com\/wp-content\/uploads\/2022\/12\/CE6A1170-1024x683.jpg\" alt=\"\" class=\"wp-image-927\" srcset=\"https:\/\/herzmomente-fotografie.com\/wp-content\/uploads\/2022\/12\/CE6A1170-1024x683.jpg 1024w, https:\/\/herzmomente-fotografie.com\/wp-content\/uploads\/2022\/12\/CE6A1170-300x200.jpg 300w, https:\/\/herzmomente-fotografie.com\/wp-content\/uploads\/2022\/12\/CE6A1170-768x512.jpg 768w, https:\/\/herzmomente-fotografie.com\/wp-content\/uploads\/2022\/12\/CE6A1170-1536x1024.jpg 1536w, https:\/\/herzmomente-fotografie.com\/wp-content\/uploads\/2022\/12\/CE6A1170-2048x1365.jpg 2048w\" sizes=\"(max-width: 1024px) 100vw, 1024px\" \/><\/figure><\/div>\n\n<div class=\"wp-block-image is-style-default\">\n<figure class=\"aligncenter size-large\"><img loading=\"lazy\" decoding=\"async\" width=\"683\" height=\"1024\" src=\"http:\/\/herzmomente-fotografie.com\/wp-content\/uploads\/2022\/07\/Trauung-68-683x1024.jpg\" alt=\"\" class=\"wp-image-876\" srcset=\"https:\/\/herzmomente-fotografie.com\/wp-content\/uploads\/2022\/07\/Trauung-68-683x1024.jpg 683w, https:\/\/herzmomente-fotografie.com\/wp-content\/uploads\/2022\/07\/Trauung-68-200x300.jpg 200w, https:\/\/herzmomente-fotografie.com\/wp-content\/uploads\/2022\/07\/Trauung-68-768x1152.jpg 768w, https:\/\/herzmomente-fotografie.com\/wp-content\/uploads\/2022\/07\/Trauung-68-1024x1536.jpg 1024w, https:\/\/herzmomente-fotografie.com\/wp-content\/uploads\/2022\/07\/Trauung-68-1365x2048.jpg 1365w, https:\/\/herzmomente-fotografie.com\/wp-content\/uploads\/2022\/07\/Trauung-68-scaled.jpg 1707w\" sizes=\"(max-width: 683px) 100vw, 683px\" \/><\/figure><\/div>\n\n<div class=\"wp-block-image is-style-rounded\">\n<figure class=\"aligncenter size-large\"><img loading=\"lazy\" decoding=\"async\" width=\"1024\" height=\"683\" src=\"http:\/\/herzmomente-fotografie.com\/wp-content\/uploads\/2021\/08\/IMG_5724-1024x683.jpg\" alt=\"\" class=\"wp-image-745\" srcset=\"https:\/\/herzmomente-fotografie.com\/wp-content\/uploads\/2021\/08\/IMG_5724-1024x683.jpg 1024w, https:\/\/herzmomente-fotografie.com\/wp-content\/uploads\/2021\/08\/IMG_5724-300x200.jpg 300w, https:\/\/herzmomente-fotografie.com\/wp-content\/uploads\/2021\/08\/IMG_5724-768x512.jpg 768w, https:\/\/herzmomente-fotografie.com\/wp-content\/uploads\/2021\/08\/IMG_5724-1536x1024.jpg 1536w, https:\/\/herzmomente-fotografie.com\/wp-content\/uploads\/2021\/08\/IMG_5724.jpg 2048w\" sizes=\"(max-width: 1024px) 100vw, 1024px\" \/><\/figure><\/div>\n\n<div class=\"wp-block-image is-style-default\">\n<figure class=\"aligncenter size-large\"><img loading=\"lazy\" decoding=\"async\" width=\"1024\" height=\"683\" src=\"http:\/\/herzmomente-fotografie.com\/wp-content\/uploads\/2022\/07\/IMG_0952-1-1024x683.jpg\" alt=\"\" class=\"wp-image-872\" srcset=\"https:\/\/herzmomente-fotografie.com\/wp-content\/uploads\/2022\/07\/IMG_0952-1-1024x683.jpg 1024w, https:\/\/herzmomente-fotografie.com\/wp-content\/uploads\/2022\/07\/IMG_0952-1-300x200.jpg 300w, https:\/\/herzmomente-fotografie.com\/wp-content\/uploads\/2022\/07\/IMG_0952-1-768x512.jpg 768w, https:\/\/herzmomente-fotografie.com\/wp-content\/uploads\/2022\/07\/IMG_0952-1-1536x1024.jpg 1536w, https:\/\/herzmomente-fotografie.com\/wp-content\/uploads\/2022\/07\/IMG_0952-1-2048x1365.jpg 2048w\" sizes=\"(max-width: 1024px) 100vw, 1024px\" \/><\/figure><\/div>\n\n<div class=\"wp-block-image is-style-default\">\n<figure class=\"aligncenter size-large\"><img loading=\"lazy\" decoding=\"async\" width=\"1024\" height=\"683\" src=\"http:\/\/herzmomente-fotografie.com\/wp-content\/uploads\/2022\/12\/CE6A0668-1-1024x683.jpg\" alt=\"\" class=\"wp-image-932\" srcset=\"https:\/\/herzmomente-fotografie.com\/wp-content\/uploads\/2022\/12\/CE6A0668-1-1024x683.jpg 1024w, https:\/\/herzmomente-fotografie.com\/wp-content\/uploads\/2022\/12\/CE6A0668-1-300x200.jpg 300w, https:\/\/herzmomente-fotografie.com\/wp-content\/uploads\/2022\/12\/CE6A0668-1-768x512.jpg 768w, https:\/\/herzmomente-fotografie.com\/wp-content\/uploads\/2022\/12\/CE6A0668-1-1536x1024.jpg 1536w, https:\/\/herzmomente-fotografie.com\/wp-content\/uploads\/2022\/12\/CE6A0668-1-2048x1365.jpg 2048w\" sizes=\"(max-width: 1024px) 100vw, 1024px\" \/><\/figure><\/div>\n\n<div class=\"wp-block-image\">\n<figure class=\"aligncenter size-large\"><img loading=\"lazy\" decoding=\"async\" width=\"683\" height=\"1024\" src=\"http:\/\/herzmomente-fotografie.com\/wp-content\/uploads\/2020\/09\/IMG_8271-2-683x1024.jpg\" alt=\"\" class=\"wp-image-529\" srcset=\"https:\/\/herzmomente-fotografie.com\/wp-content\/uploads\/2020\/09\/IMG_8271-2-683x1024.jpg 683w, https:\/\/herzmomente-fotografie.com\/wp-content\/uploads\/2020\/09\/IMG_8271-2-200x300.jpg 200w, https:\/\/herzmomente-fotografie.com\/wp-content\/uploads\/2020\/09\/IMG_8271-2-768x1152.jpg 768w, https:\/\/herzmomente-fotografie.com\/wp-content\/uploads\/2020\/09\/IMG_8271-2-1365x2048.jpg 1365w, https:\/\/herzmomente-fotografie.com\/wp-content\/uploads\/2020\/09\/IMG_8271-2-scaled.jpg 1707w\" sizes=\"(max-width: 683px) 100vw, 683px\" \/><\/figure><\/div>\n\n<div class=\"wp-block-image is-style-default\">\n<figure class=\"aligncenter size-large\"><img loading=\"lazy\" decoding=\"async\" width=\"1024\" height=\"683\" src=\"http:\/\/herzmomente-fotografie.com\/wp-content\/uploads\/2022\/07\/IMG_0496-1024x683.jpg\" alt=\"\" class=\"wp-image-877\" srcset=\"https:\/\/herzmomente-fotografie.com\/wp-content\/uploads\/2022\/07\/IMG_0496-1024x683.jpg 1024w, https:\/\/herzmomente-fotografie.com\/wp-content\/uploads\/2022\/07\/IMG_0496-300x200.jpg 300w, https:\/\/herzmomente-fotografie.com\/wp-content\/uploads\/2022\/07\/IMG_0496-768x512.jpg 768w, https:\/\/herzmomente-fotografie.com\/wp-content\/uploads\/2022\/07\/IMG_0496-1536x1024.jpg 1536w, https:\/\/herzmomente-fotografie.com\/wp-content\/uploads\/2022\/07\/IMG_0496-2048x1365.jpg 2048w\" sizes=\"(max-width: 1024px) 100vw, 1024px\" \/><\/figure><\/div>\n\n<div class=\"wp-block-image is-style-default\">\n<figure class=\"aligncenter size-large\"><img loading=\"lazy\" decoding=\"async\" width=\"1024\" height=\"683\" src=\"http:\/\/herzmomente-fotografie.com\/wp-content\/uploads\/2022\/07\/IMG_0034-1024x683.jpg\" alt=\"\" class=\"wp-image-873\" srcset=\"https:\/\/herzmomente-fotografie.com\/wp-content\/uploads\/2022\/07\/IMG_0034-1024x683.jpg 1024w, https:\/\/herzmomente-fotografie.com\/wp-content\/uploads\/2022\/07\/IMG_0034-300x200.jpg 300w, https:\/\/herzmomente-fotografie.com\/wp-content\/uploads\/2022\/07\/IMG_0034-768x512.jpg 768w, https:\/\/herzmomente-fotografie.com\/wp-content\/uploads\/2022\/07\/IMG_0034-1536x1024.jpg 1536w, https:\/\/herzmomente-fotografie.com\/wp-content\/uploads\/2022\/07\/IMG_0034-2048x1365.jpg 2048w\" sizes=\"(max-width: 1024px) 100vw, 1024px\" \/><\/figure><\/div>\n\n<div class=\"wp-block-image is-style-default\">\n<figure class=\"aligncenter size-large\"><img loading=\"lazy\" decoding=\"async\" width=\"683\" height=\"1024\" src=\"http:\/\/herzmomente-fotografie.com\/wp-content\/uploads\/2022\/12\/CE6A9879-683x1024.jpg\" alt=\"\" class=\"wp-image-933\" srcset=\"https:\/\/herzmomente-fotografie.com\/wp-content\/uploads\/2022\/12\/CE6A9879-683x1024.jpg 683w, https:\/\/herzmomente-fotografie.com\/wp-content\/uploads\/2022\/12\/CE6A9879-200x300.jpg 200w, https:\/\/herzmomente-fotografie.com\/wp-content\/uploads\/2022\/12\/CE6A9879-768x1152.jpg 768w, https:\/\/herzmomente-fotografie.com\/wp-content\/uploads\/2022\/12\/CE6A9879-1024x1536.jpg 1024w, https:\/\/herzmomente-fotografie.com\/wp-content\/uploads\/2022\/12\/CE6A9879-1365x2048.jpg 1365w, https:\/\/herzmomente-fotografie.com\/wp-content\/uploads\/2022\/12\/CE6A9879-scaled.jpg 1707w\" sizes=\"(max-width: 683px) 100vw, 683px\" \/><\/figure><\/div>\n\n<div class=\"wp-block-image\">\n<figure class=\"aligncenter size-large\"><img loading=\"lazy\" decoding=\"async\" width=\"683\" height=\"1024\" src=\"http:\/\/herzmomente-fotografie.com\/wp-content\/uploads\/2021\/10\/IMG_8630-683x1024.jpg\" alt=\"\" class=\"wp-image-789\" srcset=\"https:\/\/herzmomente-fotografie.com\/wp-content\/uploads\/2021\/10\/IMG_8630-683x1024.jpg 683w, https:\/\/herzmomente-fotografie.com\/wp-content\/uploads\/2021\/10\/IMG_8630-200x300.jpg 200w, https:\/\/herzmomente-fotografie.com\/wp-content\/uploads\/2021\/10\/IMG_8630-768x1152.jpg 768w, https:\/\/herzmomente-fotografie.com\/wp-content\/uploads\/2021\/10\/IMG_8630-1024x1536.jpg 1024w, https:\/\/herzmomente-fotografie.com\/wp-content\/uploads\/2021\/10\/IMG_8630-1365x2048.jpg 1365w, https:\/\/herzmomente-fotografie.com\/wp-content\/uploads\/2021\/10\/IMG_8630-scaled.jpg 1707w\" sizes=\"(max-width: 683px) 100vw, 683px\" \/><\/figure><\/div>\n\n\n<p class=\"has-text-align-center\">Auf Wunsch erstelle ich zeitlos sch\u00f6ne und hochwertige Fotoalben in verschiedenen&nbsp;Gr\u00f6\u00dfen f\u00fcr euch und eure Familie. <\/p>\n\n\n\n<p class=\"has-text-align-center\">So sind eure Erinnerungen jederzeit greifbar.<\/p>\n\n\n<div class=\"wp-block-image\">\n<figure class=\"aligncenter size-large\"><img loading=\"lazy\" decoding=\"async\" width=\"1024\" height=\"683\" src=\"http:\/\/herzmomente-fotografie.com\/wp-content\/uploads\/2025\/12\/Ronja-und-Tino-195-1024x683.jpg\" alt=\"\" class=\"wp-image-1090\" srcset=\"https:\/\/herzmomente-fotografie.com\/wp-content\/uploads\/2025\/12\/Ronja-und-Tino-195-1024x683.jpg 1024w, https:\/\/herzmomente-fotografie.com\/wp-content\/uploads\/2025\/12\/Ronja-und-Tino-195-300x200.jpg 300w, https:\/\/herzmomente-fotografie.com\/wp-content\/uploads\/2025\/12\/Ronja-und-Tino-195-768x512.jpg 768w, https:\/\/herzmomente-fotografie.com\/wp-content\/uploads\/2025\/12\/Ronja-und-Tino-195-1536x1024.jpg 1536w, https:\/\/herzmomente-fotografie.com\/wp-content\/uploads\/2025\/12\/Ronja-und-Tino-195-2048x1365.jpg 2048w\" sizes=\"(max-width: 1024px) 100vw, 1024px\" \/><\/figure><\/div>\n\n<div class=\"wp-block-image\">\n<figure class=\"aligncenter size-large\"><img loading=\"lazy\" decoding=\"async\" width=\"1024\" height=\"683\" src=\"http:\/\/herzmomente-fotografie.com\/wp-content\/uploads\/2025\/12\/Katja-Michael-53-1024x683.jpg\" alt=\"\" class=\"wp-image-1091\" srcset=\"https:\/\/herzmomente-fotografie.com\/wp-content\/uploads\/2025\/12\/Katja-Michael-53-1024x683.jpg 1024w, https:\/\/herzmomente-fotografie.com\/wp-content\/uploads\/2025\/12\/Katja-Michael-53-300x200.jpg 300w, https:\/\/herzmomente-fotografie.com\/wp-content\/uploads\/2025\/12\/Katja-Michael-53-768x512.jpg 768w, https:\/\/herzmomente-fotografie.com\/wp-content\/uploads\/2025\/12\/Katja-Michael-53-1536x1024.jpg 1536w, https:\/\/herzmomente-fotografie.com\/wp-content\/uploads\/2025\/12\/Katja-Michael-53-2048x1365.jpg 2048w\" sizes=\"(max-width: 1024px) 100vw, 1024px\" \/><\/figure><\/div>\n\n<div class=\"wp-block-image\">\n<figure class=\"aligncenter size-large\"><img loading=\"lazy\" decoding=\"async\" width=\"1707\" height=\"2560\" src=\"http:\/\/herzmomente-fotografie.com\/wp-content\/uploads\/2021\/01\/IMG_8210-2-scaled.jpg\" alt=\"\" class=\"wp-image-567\" srcset=\"https:\/\/herzmomente-fotografie.com\/wp-content\/uploads\/2021\/01\/IMG_8210-2-scaled.jpg 1707w, https:\/\/herzmomente-fotografie.com\/wp-content\/uploads\/2021\/01\/IMG_8210-2-200x300.jpg 200w, https:\/\/herzmomente-fotografie.com\/wp-content\/uploads\/2021\/01\/IMG_8210-2-1365x2048.jpg 1365w\" sizes=\"(max-width: 1707px) 100vw, 1707px\" \/><\/figure><\/div>\n\n\n<figure class=\"wp-block-image size-large is-style-default\"><img loading=\"lazy\" decoding=\"async\" width=\"1024\" height=\"683\" src=\"http:\/\/herzmomente-fotografie.com\/wp-content\/uploads\/2022\/07\/IMG_3017-1024x683.jpg\" alt=\"\" class=\"wp-image-870\" srcset=\"https:\/\/herzmomente-fotografie.com\/wp-content\/uploads\/2022\/07\/IMG_3017-1024x683.jpg 1024w, https:\/\/herzmomente-fotografie.com\/wp-content\/uploads\/2022\/07\/IMG_3017-300x200.jpg 300w, https:\/\/herzmomente-fotografie.com\/wp-content\/uploads\/2022\/07\/IMG_3017-768x512.jpg 768w, https:\/\/herzmomente-fotografie.com\/wp-content\/uploads\/2022\/07\/IMG_3017-1536x1024.jpg 1536w, https:\/\/herzmomente-fotografie.com\/wp-content\/uploads\/2022\/07\/IMG_3017-2048x1365.jpg 2048w\" sizes=\"(max-width: 1024px) 100vw, 1024px\" \/><\/figure>\n\n\n<div class=\"wp-block-image is-style-default\">\n<figure class=\"aligncenter size-large\"><img loading=\"lazy\" decoding=\"async\" width=\"683\" height=\"1024\" src=\"http:\/\/herzmomente-fotografie.com\/wp-content\/uploads\/2021\/09\/IMG_6810-683x1024.jpg\" alt=\"\" class=\"wp-image-767\" srcset=\"https:\/\/herzmomente-fotografie.com\/wp-content\/uploads\/2021\/09\/IMG_6810-683x1024.jpg 683w, https:\/\/herzmomente-fotografie.com\/wp-content\/uploads\/2021\/09\/IMG_6810-200x300.jpg 200w, https:\/\/herzmomente-fotografie.com\/wp-content\/uploads\/2021\/09\/IMG_6810-768x1152.jpg 768w, https:\/\/herzmomente-fotografie.com\/wp-content\/uploads\/2021\/09\/IMG_6810-1024x1536.jpg 1024w, https:\/\/herzmomente-fotografie.com\/wp-content\/uploads\/2021\/09\/IMG_6810.jpg 1365w\" sizes=\"(max-width: 683px) 100vw, 683px\" \/><\/figure><\/div>\n\n<div class=\"wp-block-image\">\n<figure class=\"aligncenter size-large\"><img loading=\"lazy\" decoding=\"async\" width=\"1024\" height=\"683\" src=\"http:\/\/herzmomente-fotografie.com\/wp-content\/uploads\/2025\/12\/Katja-Michael-253-1024x683.jpg\" alt=\"\" class=\"wp-image-1092\" srcset=\"https:\/\/herzmomente-fotografie.com\/wp-content\/uploads\/2025\/12\/Katja-Michael-253-1024x683.jpg 1024w, https:\/\/herzmomente-fotografie.com\/wp-content\/uploads\/2025\/12\/Katja-Michael-253-300x200.jpg 300w, https:\/\/herzmomente-fotografie.com\/wp-content\/uploads\/2025\/12\/Katja-Michael-253-768x512.jpg 768w, https:\/\/herzmomente-fotografie.com\/wp-content\/uploads\/2025\/12\/Katja-Michael-253-1536x1024.jpg 1536w, https:\/\/herzmomente-fotografie.com\/wp-content\/uploads\/2025\/12\/Katja-Michael-253-2048x1365.jpg 2048w\" sizes=\"(max-width: 1024px) 100vw, 1024px\" \/><\/figure><\/div>\n\n\n<p class=\"has-text-align-center has-large-font-size\"><strong>Bilder, die von Liebe sprechen<\/strong><\/p>\n\n\n\n<figure class=\"wp-block-image size-large\"><img loading=\"lazy\" decoding=\"async\" width=\"1024\" height=\"683\" src=\"http:\/\/herzmomente-fotografie.com\/wp-content\/uploads\/2020\/09\/IMG_8442-2-1024x683.jpg\" alt=\"\" class=\"wp-image-530\" srcset=\"https:\/\/herzmomente-fotografie.com\/wp-content\/uploads\/2020\/09\/IMG_8442-2-1024x683.jpg 1024w, https:\/\/herzmomente-fotografie.com\/wp-content\/uploads\/2020\/09\/IMG_8442-2-300x200.jpg 300w, https:\/\/herzmomente-fotografie.com\/wp-content\/uploads\/2020\/09\/IMG_8442-2-768x512.jpg 768w, https:\/\/herzmomente-fotografie.com\/wp-content\/uploads\/2020\/09\/IMG_8442-2-2048x1365.jpg 2048w\" sizes=\"(max-width: 1024px) 100vw, 1024px\" \/><\/figure>\n\n\n<div class=\"wp-block-image is-style-default\">\n<figure class=\"aligncenter size-large\"><img loading=\"lazy\" decoding=\"async\" width=\"683\" height=\"1024\" src=\"http:\/\/herzmomente-fotografie.com\/wp-content\/uploads\/2021\/09\/IMG_6771-683x1024.jpg\" alt=\"\" class=\"wp-image-769\" srcset=\"https:\/\/herzmomente-fotografie.com\/wp-content\/uploads\/2021\/09\/IMG_6771-683x1024.jpg 683w, https:\/\/herzmomente-fotografie.com\/wp-content\/uploads\/2021\/09\/IMG_6771-200x300.jpg 200w, https:\/\/herzmomente-fotografie.com\/wp-content\/uploads\/2021\/09\/IMG_6771-768x1152.jpg 768w, https:\/\/herzmomente-fotografie.com\/wp-content\/uploads\/2021\/09\/IMG_6771-1024x1536.jpg 1024w, https:\/\/herzmomente-fotografie.com\/wp-content\/uploads\/2021\/09\/IMG_6771.jpg 1365w\" sizes=\"(max-width: 683px) 100vw, 683px\" \/><\/figure><\/div>\n\n<div class=\"wp-block-image is-style-default\">\n<figure class=\"aligncenter size-large\"><img loading=\"lazy\" decoding=\"async\" width=\"683\" height=\"1024\" src=\"http:\/\/herzmomente-fotografie.com\/wp-content\/uploads\/2021\/08\/IMG_6180-683x1024.jpg\" alt=\"\" class=\"wp-image-743\" srcset=\"https:\/\/herzmomente-fotografie.com\/wp-content\/uploads\/2021\/08\/IMG_6180-683x1024.jpg 683w, https:\/\/herzmomente-fotografie.com\/wp-content\/uploads\/2021\/08\/IMG_6180-200x300.jpg 200w, https:\/\/herzmomente-fotografie.com\/wp-content\/uploads\/2021\/08\/IMG_6180-768x1152.jpg 768w, https:\/\/herzmomente-fotografie.com\/wp-content\/uploads\/2021\/08\/IMG_6180-1024x1536.jpg 1024w, https:\/\/herzmomente-fotografie.com\/wp-content\/uploads\/2021\/08\/IMG_6180.jpg 1365w\" sizes=\"(max-width: 683px) 100vw, 683px\" \/><\/figure><\/div>\n\n\n<p><strong>Weitere Optionen:<\/strong><\/p>\n\n\n\n<ul>\n<li>hochwertiges Fotobuch (ca. 26 Seiten):&nbsp;&nbsp;&nbsp;&nbsp;&nbsp;&nbsp;&nbsp;&nbsp;&nbsp;&nbsp;&nbsp;&nbsp;&nbsp;&nbsp;&nbsp;&nbsp;&nbsp;&nbsp;&nbsp;&nbsp;     <strong>100,- \u20ac<\/strong><\/li>\n\n\n\n<li>Verlobungsshooting: &nbsp;&nbsp;&nbsp;&nbsp;&nbsp;&nbsp;&nbsp;&nbsp;&nbsp;&nbsp;&nbsp;&nbsp;&nbsp;&nbsp;&nbsp;&nbsp;&nbsp;&nbsp;&nbsp;&nbsp;&nbsp;&nbsp;&nbsp;&nbsp;&nbsp;&nbsp;&nbsp;&nbsp;&nbsp;&nbsp;&nbsp;&nbsp;&nbsp;&nbsp;&nbsp;&nbsp;&nbsp;&nbsp;&nbsp;       &nbsp;&nbsp;&nbsp;&nbsp;&nbsp;&nbsp;&nbsp;<strong>125,- \u20ac<\/strong><\/li>\n<\/ul>\n\n\n\n<p>Ein Verlobungs-Shooting ist in gewisser Weise so etwas wie eine\nGeneralprobe vor dem Hochzeits-Shooting. Wir k\u00f6nnen einander kennenlernen und\nschon vor dem gro\u00dfen Tag ein paar unvergessliche Bilder f\u00fcr die Ewigkeit\nfesthalten. Diese eignen sich \u00fcbrigens nicht nur f\u00fcr Euer ganz pers\u00f6nliches\nFotoalbum, sondern machen sich au\u00dferdem besonders gut auf den Einladungskarten\nf\u00fcr Eure Hochzeitsfeier.<\/p>\n","protected":false},"excerpt":{"rendered":"<p>Ich liebe Liebesgeschichten. Und begleite Paare, denen es wichtig ist, dass ich die Unbeschwertheit und Leichtigkeit an diesem besonderen Tag im Leben festhalten darf. So individuell wie eure Hochzeit, so individuell sind auch die Pakete und Preise, die ich euch anbiete. Grunds\u00e4tzlich aber&nbsp;ist in jedem Paket ein pers\u00f6nliches Treffen enthalten, bei dem wir uns beschnuppern&nbsp;k\u00f6nnen. [&hellip;]<\/p>\n","protected":false},"author":1,"featured_media":0,"parent":0,"menu_order":0,"comment_status":"closed","ping_status":"closed","template":"","meta":{"_genesis_hide_title":false,"_genesis_hide_breadcrumbs":false,"_genesis_hide_singular_image":false,"_genesis_hide_footer_widgets":false,"_genesis_custom_body_class":"","_genesis_custom_post_class":"","_genesis_layout":"","footnotes":""},"_links":{"self":[{"href":"https:\/\/herzmomente-fotografie.com\/index.php?rest_route=\/wp\/v2\/pages\/10"}],"collection":[{"href":"https:\/\/herzmomente-fotografie.com\/index.php?rest_route=\/wp\/v2\/pages"}],"about":[{"href":"https:\/\/herzmomente-fotografie.com\/index.php?rest_route=\/wp\/v2\/types\/page"}],"author":[{"embeddable":true,"href":"https:\/\/herzmomente-fotografie.com\/index.php?rest_route=\/wp\/v2\/users\/1"}],"replies":[{"embeddable":true,"href":"https:\/\/herzmomente-fotografie.com\/index.php?rest_route=%2Fwp%2Fv2%2Fcomments&post=10"}],"version-history":[{"count":39,"href":"https:\/\/herzmomente-fotografie.com\/index.php?rest_route=\/wp\/v2\/pages\/10\/revisions"}],"predecessor-version":[{"id":1093,"href":"https:\/\/herzmomente-fotografie.com\/index.php?rest_route=\/wp\/v2\/pages\/10\/revisions\/1093"}],"wp:attachment":[{"href":"https:\/\/herzmomente-fotografie.com\/index.php?rest_route=%2Fwp%2Fv2%2Fmedia&parent=10"}],"curies":[{"name":"wp","href":"https:\/\/api.w.org\/{rel}","templated":true}]}}