{"id":11,"date":"2020-01-08T07:37:14","date_gmt":"2020-01-08T07:37:14","guid":{"rendered":"http:\/\/herzmomente-fotografie.com\/?page_id=11"},"modified":"2022-12-29T16:50:54","modified_gmt":"2022-12-29T16:50:54","slug":"familie","status":"publish","type":"page","link":"https:\/\/herzmomente-fotografie.com\/?page_id=11","title":{"rendered":"Familie"},"content":{"rendered":"\n<figure class=\"wp-block-image size-large\"><img loading=\"lazy\" decoding=\"async\" width=\"1024\" height=\"683\" src=\"http:\/\/herzmomente-fotografie.com\/wp-content\/uploads\/2022\/12\/CE6A7968-1024x683.jpg\" alt=\"\" class=\"wp-image-909\" srcset=\"https:\/\/herzmomente-fotografie.com\/wp-content\/uploads\/2022\/12\/CE6A7968-1024x683.jpg 1024w, https:\/\/herzmomente-fotografie.com\/wp-content\/uploads\/2022\/12\/CE6A7968-300x200.jpg 300w, https:\/\/herzmomente-fotografie.com\/wp-content\/uploads\/2022\/12\/CE6A7968-768x512.jpg 768w, https:\/\/herzmomente-fotografie.com\/wp-content\/uploads\/2022\/12\/CE6A7968-1536x1024.jpg 1536w, https:\/\/herzmomente-fotografie.com\/wp-content\/uploads\/2022\/12\/CE6A7968-2048x1365.jpg 2048w\" sizes=\"(max-width: 1024px) 100vw, 1024px\" \/><\/figure>\n\n\n\n<div class=\"wp-block-image\"><figure class=\"aligncenter size-large is-resized\"><img loading=\"lazy\" decoding=\"async\" src=\"http:\/\/herzmomente-fotografie.com\/wp-content\/uploads\/2020\/01\/Herzlich-Willkommen13-e1578597511678-1024x320.png\" alt=\"\" class=\"wp-image-223\" width=\"523\" height=\"163\" srcset=\"https:\/\/herzmomente-fotografie.com\/wp-content\/uploads\/2020\/01\/Herzlich-Willkommen13-e1578597511678-1024x320.png 1024w, https:\/\/herzmomente-fotografie.com\/wp-content\/uploads\/2020\/01\/Herzlich-Willkommen13-e1578597511678-300x94.png 300w, https:\/\/herzmomente-fotografie.com\/wp-content\/uploads\/2020\/01\/Herzlich-Willkommen13-e1578597511678-768x240.png 768w, https:\/\/herzmomente-fotografie.com\/wp-content\/uploads\/2020\/01\/Herzlich-Willkommen13-e1578597511678.png 1280w\" sizes=\"(max-width: 523px) 100vw, 523px\" \/><\/figure><\/div>\n\n\n\n<p class=\"has-text-align-center\">Familie ist Leben, Liebe, Lachen. Familie ist da, wo das Chaos nie endet, das Gl\u00fcck aber trotzdem immer gr\u00f6\u00dfer sein wird. Familie ist bunt, vielseitig und immer besonders.  Und so besonders wie eure Familie, lichte ich auch eure individuellen Familienfotos ab. Dieser verantwortungsvollen Aufgabe bin ich mir durchaus bewusst. Keine Sekunde kommt so wie sie eben war wieder &#8211; kein Augenblick kann wiederholt werden. Umso wichtiger, dass so mancher inniger, gef\u00fchlvoller Moment f\u00fcr ewig festgehalten wird. Wie oft sehnen wir uns nach diesem einen Foto: die Urgro\u00dfeltern mit ihren Enkeln, alle Geschwister auf einem Foto, ein professionelles Einschulungsfoto oder das Hochzeitsjubil\u00e4um nach \u00fcber 60 Jahren.<\/p>\n\n\n\n<p class=\"has-text-align-center\"><strong> Ich  dokumentiere gerne die Geschichten eures Lebens, die Geschichten die ihr erz\u00e4hlen m\u00f6chtet, eure Herzmomente. <\/strong><br>  <\/p>\n\n\n\n\n\n<figure class=\"wp-block-image size-large\"><img loading=\"lazy\" decoding=\"async\" width=\"1024\" height=\"683\" src=\"http:\/\/herzmomente-fotografie.com\/wp-content\/uploads\/2022\/12\/CE6A0290-1024x683.jpg\" alt=\"\" class=\"wp-image-914\" srcset=\"https:\/\/herzmomente-fotografie.com\/wp-content\/uploads\/2022\/12\/CE6A0290-1024x683.jpg 1024w, https:\/\/herzmomente-fotografie.com\/wp-content\/uploads\/2022\/12\/CE6A0290-300x200.jpg 300w, https:\/\/herzmomente-fotografie.com\/wp-content\/uploads\/2022\/12\/CE6A0290-768x512.jpg 768w, https:\/\/herzmomente-fotografie.com\/wp-content\/uploads\/2022\/12\/CE6A0290-1536x1024.jpg 1536w, https:\/\/herzmomente-fotografie.com\/wp-content\/uploads\/2022\/12\/CE6A0290-2048x1365.jpg 2048w\" sizes=\"(max-width: 1024px) 100vw, 1024px\" \/><\/figure>\n\n\n\n<div class=\"wp-block-image\"><figure class=\"aligncenter size-large\"><img loading=\"lazy\" decoding=\"async\" width=\"683\" height=\"1024\" src=\"http:\/\/herzmomente-fotografie.com\/wp-content\/uploads\/2021\/04\/IMG_7250-683x1024.jpg\" alt=\"\" class=\"wp-image-681\" srcset=\"https:\/\/herzmomente-fotografie.com\/wp-content\/uploads\/2021\/04\/IMG_7250-683x1024.jpg 683w, https:\/\/herzmomente-fotografie.com\/wp-content\/uploads\/2021\/04\/IMG_7250-200x300.jpg 200w, https:\/\/herzmomente-fotografie.com\/wp-content\/uploads\/2021\/04\/IMG_7250-768x1152.jpg 768w, https:\/\/herzmomente-fotografie.com\/wp-content\/uploads\/2021\/04\/IMG_7250-1024x1536.jpg 1024w, https:\/\/herzmomente-fotografie.com\/wp-content\/uploads\/2021\/04\/IMG_7250-1365x2048.jpg 1365w, https:\/\/herzmomente-fotografie.com\/wp-content\/uploads\/2021\/04\/IMG_7250-scaled.jpg 1707w\" sizes=\"(max-width: 683px) 100vw, 683px\" \/><\/figure><\/div>\n\n\n\n<figure class=\"wp-block-image size-large is-style-default\"><img loading=\"lazy\" decoding=\"async\" width=\"1024\" height=\"683\" src=\"http:\/\/herzmomente-fotografie.com\/wp-content\/uploads\/2021\/08\/IMG_4010-1024x683.jpg\" alt=\"\" class=\"wp-image-739\" srcset=\"https:\/\/herzmomente-fotografie.com\/wp-content\/uploads\/2021\/08\/IMG_4010-1024x683.jpg 1024w, https:\/\/herzmomente-fotografie.com\/wp-content\/uploads\/2021\/08\/IMG_4010-300x200.jpg 300w, https:\/\/herzmomente-fotografie.com\/wp-content\/uploads\/2021\/08\/IMG_4010-768x512.jpg 768w, https:\/\/herzmomente-fotografie.com\/wp-content\/uploads\/2021\/08\/IMG_4010-1536x1024.jpg 1536w, https:\/\/herzmomente-fotografie.com\/wp-content\/uploads\/2021\/08\/IMG_4010-2048x1365.jpg 2048w\" sizes=\"(max-width: 1024px) 100vw, 1024px\" \/><\/figure>\n\n\n\n<div class=\"wp-block-image is-style-default\"><figure class=\"aligncenter size-large\"><img loading=\"lazy\" decoding=\"async\" width=\"1024\" height=\"683\" src=\"http:\/\/herzmomente-fotografie.com\/wp-content\/uploads\/2022\/07\/IMG_8146-1024x683.jpg\" alt=\"\" class=\"wp-image-891\" srcset=\"https:\/\/herzmomente-fotografie.com\/wp-content\/uploads\/2022\/07\/IMG_8146-1024x683.jpg 1024w, https:\/\/herzmomente-fotografie.com\/wp-content\/uploads\/2022\/07\/IMG_8146-300x200.jpg 300w, https:\/\/herzmomente-fotografie.com\/wp-content\/uploads\/2022\/07\/IMG_8146-768x512.jpg 768w, https:\/\/herzmomente-fotografie.com\/wp-content\/uploads\/2022\/07\/IMG_8146-1536x1024.jpg 1536w, https:\/\/herzmomente-fotografie.com\/wp-content\/uploads\/2022\/07\/IMG_8146-2048x1365.jpg 2048w\" sizes=\"(max-width: 1024px) 100vw, 1024px\" \/><\/figure><\/div>\n\n\n\n<div class=\"wp-block-image is-style-default\"><figure class=\"aligncenter size-large\"><img loading=\"lazy\" decoding=\"async\" width=\"1024\" height=\"683\" src=\"http:\/\/herzmomente-fotografie.com\/wp-content\/uploads\/2022\/12\/IMG_1725-1024x683.jpg\" alt=\"\" class=\"wp-image-919\" srcset=\"https:\/\/herzmomente-fotografie.com\/wp-content\/uploads\/2022\/12\/IMG_1725-1024x683.jpg 1024w, https:\/\/herzmomente-fotografie.com\/wp-content\/uploads\/2022\/12\/IMG_1725-300x200.jpg 300w, https:\/\/herzmomente-fotografie.com\/wp-content\/uploads\/2022\/12\/IMG_1725-768x512.jpg 768w, https:\/\/herzmomente-fotografie.com\/wp-content\/uploads\/2022\/12\/IMG_1725-1536x1024.jpg 1536w, https:\/\/herzmomente-fotografie.com\/wp-content\/uploads\/2022\/12\/IMG_1725-2048x1365.jpg 2048w\" sizes=\"(max-width: 1024px) 100vw, 1024px\" \/><\/figure><\/div>\n\n\n\n<div class=\"wp-block-image is-style-default\"><figure class=\"aligncenter size-large\"><img loading=\"lazy\" decoding=\"async\" width=\"683\" height=\"1024\" src=\"http:\/\/herzmomente-fotografie.com\/wp-content\/uploads\/2022\/07\/IMG_8114-683x1024.jpg\" alt=\"\" class=\"wp-image-888\" srcset=\"https:\/\/herzmomente-fotografie.com\/wp-content\/uploads\/2022\/07\/IMG_8114-683x1024.jpg 683w, https:\/\/herzmomente-fotografie.com\/wp-content\/uploads\/2022\/07\/IMG_8114-200x300.jpg 200w, https:\/\/herzmomente-fotografie.com\/wp-content\/uploads\/2022\/07\/IMG_8114-768x1152.jpg 768w, https:\/\/herzmomente-fotografie.com\/wp-content\/uploads\/2022\/07\/IMG_8114-1024x1536.jpg 1024w, https:\/\/herzmomente-fotografie.com\/wp-content\/uploads\/2022\/07\/IMG_8114-1365x2048.jpg 1365w, https:\/\/herzmomente-fotografie.com\/wp-content\/uploads\/2022\/07\/IMG_8114-scaled.jpg 1707w\" sizes=\"(max-width: 683px) 100vw, 683px\" \/><\/figure><\/div>\n\n\n\n<div class=\"wp-block-image\"><figure class=\"aligncenter size-large\"><img loading=\"lazy\" decoding=\"async\" width=\"1024\" height=\"683\" src=\"http:\/\/herzmomente-fotografie.com\/wp-content\/uploads\/2022\/07\/IMG_9696-1024x683.jpg\" alt=\"\" class=\"wp-image-887\" srcset=\"https:\/\/herzmomente-fotografie.com\/wp-content\/uploads\/2022\/07\/IMG_9696-1024x683.jpg 1024w, https:\/\/herzmomente-fotografie.com\/wp-content\/uploads\/2022\/07\/IMG_9696-300x200.jpg 300w, https:\/\/herzmomente-fotografie.com\/wp-content\/uploads\/2022\/07\/IMG_9696-768x512.jpg 768w, https:\/\/herzmomente-fotografie.com\/wp-content\/uploads\/2022\/07\/IMG_9696-1536x1024.jpg 1536w, https:\/\/herzmomente-fotografie.com\/wp-content\/uploads\/2022\/07\/IMG_9696-2048x1365.jpg 2048w\" sizes=\"(max-width: 1024px) 100vw, 1024px\" \/><\/figure><\/div>\n\n\n\n<div class=\"wp-block-image\"><figure class=\"aligncenter size-large\"><img loading=\"lazy\" decoding=\"async\" width=\"683\" height=\"1024\" src=\"http:\/\/herzmomente-fotografie.com\/wp-content\/uploads\/2021\/11\/IMG_8623-683x1024.jpg\" alt=\"\" class=\"wp-image-800\" srcset=\"https:\/\/herzmomente-fotografie.com\/wp-content\/uploads\/2021\/11\/IMG_8623-683x1024.jpg 683w, https:\/\/herzmomente-fotografie.com\/wp-content\/uploads\/2021\/11\/IMG_8623-200x300.jpg 200w, https:\/\/herzmomente-fotografie.com\/wp-content\/uploads\/2021\/11\/IMG_8623-768x1152.jpg 768w, https:\/\/herzmomente-fotografie.com\/wp-content\/uploads\/2021\/11\/IMG_8623-1024x1536.jpg 1024w, https:\/\/herzmomente-fotografie.com\/wp-content\/uploads\/2021\/11\/IMG_8623-1365x2048.jpg 1365w, https:\/\/herzmomente-fotografie.com\/wp-content\/uploads\/2021\/11\/IMG_8623-scaled.jpg 1707w\" sizes=\"(max-width: 683px) 100vw, 683px\" \/><\/figure><\/div>\n\n\n\n<div class=\"wp-block-image is-style-default\"><figure class=\"aligncenter size-large\"><img loading=\"lazy\" decoding=\"async\" width=\"1024\" height=\"683\" src=\"http:\/\/herzmomente-fotografie.com\/wp-content\/uploads\/2022\/12\/CE6A9421-1024x683.jpg\" alt=\"\" class=\"wp-image-911\" srcset=\"https:\/\/herzmomente-fotografie.com\/wp-content\/uploads\/2022\/12\/CE6A9421-1024x683.jpg 1024w, https:\/\/herzmomente-fotografie.com\/wp-content\/uploads\/2022\/12\/CE6A9421-300x200.jpg 300w, https:\/\/herzmomente-fotografie.com\/wp-content\/uploads\/2022\/12\/CE6A9421-768x512.jpg 768w, https:\/\/herzmomente-fotografie.com\/wp-content\/uploads\/2022\/12\/CE6A9421-1536x1024.jpg 1536w, https:\/\/herzmomente-fotografie.com\/wp-content\/uploads\/2022\/12\/CE6A9421-2048x1365.jpg 2048w\" sizes=\"(max-width: 1024px) 100vw, 1024px\" \/><\/figure><\/div>\n\n\n\n<figure class=\"wp-block-gallery has-nested-images columns-2 is-cropped wp-block-gallery-1 is-layout-flex wp-block-gallery-is-layout-flex\">\n<figure class=\"wp-block-image size-large is-style-default\"><img loading=\"lazy\" decoding=\"async\" width=\"683\" height=\"1024\" data-id=\"912\" src=\"http:\/\/herzmomente-fotografie.com\/wp-content\/uploads\/2022\/12\/CE6A7028-683x1024.jpg\" alt=\"\" class=\"wp-image-912\" srcset=\"https:\/\/herzmomente-fotografie.com\/wp-content\/uploads\/2022\/12\/CE6A7028-683x1024.jpg 683w, https:\/\/herzmomente-fotografie.com\/wp-content\/uploads\/2022\/12\/CE6A7028-200x300.jpg 200w, https:\/\/herzmomente-fotografie.com\/wp-content\/uploads\/2022\/12\/CE6A7028-768x1152.jpg 768w, https:\/\/herzmomente-fotografie.com\/wp-content\/uploads\/2022\/12\/CE6A7028-1024x1536.jpg 1024w, https:\/\/herzmomente-fotografie.com\/wp-content\/uploads\/2022\/12\/CE6A7028-1365x2048.jpg 1365w, https:\/\/herzmomente-fotografie.com\/wp-content\/uploads\/2022\/12\/CE6A7028-scaled.jpg 1707w\" sizes=\"(max-width: 683px) 100vw, 683px\" \/><\/figure>\n\n\n\n<figure class=\"wp-block-image size-large is-style-default\"><img loading=\"lazy\" decoding=\"async\" width=\"683\" height=\"1024\" data-id=\"803\" src=\"http:\/\/herzmomente-fotografie.com\/wp-content\/uploads\/2021\/11\/IMG_9627-683x1024.jpg\" alt=\"\" class=\"wp-image-803\" srcset=\"https:\/\/herzmomente-fotografie.com\/wp-content\/uploads\/2021\/11\/IMG_9627-683x1024.jpg 683w, https:\/\/herzmomente-fotografie.com\/wp-content\/uploads\/2021\/11\/IMG_9627-200x300.jpg 200w, https:\/\/herzmomente-fotografie.com\/wp-content\/uploads\/2021\/11\/IMG_9627-768x1152.jpg 768w, https:\/\/herzmomente-fotografie.com\/wp-content\/uploads\/2021\/11\/IMG_9627-1024x1536.jpg 1024w, https:\/\/herzmomente-fotografie.com\/wp-content\/uploads\/2021\/11\/IMG_9627.jpg 1365w\" sizes=\"(max-width: 683px) 100vw, 683px\" \/><\/figure>\n\n\n\n<figure class=\"wp-block-image size-large is-style-default\"><img loading=\"lazy\" decoding=\"async\" width=\"1024\" height=\"683\" data-id=\"922\" src=\"http:\/\/herzmomente-fotografie.com\/wp-content\/uploads\/2022\/12\/IMG_9563-1024x683.jpg\" alt=\"\" class=\"wp-image-922\" srcset=\"https:\/\/herzmomente-fotografie.com\/wp-content\/uploads\/2022\/12\/IMG_9563-1024x683.jpg 1024w, https:\/\/herzmomente-fotografie.com\/wp-content\/uploads\/2022\/12\/IMG_9563-300x200.jpg 300w, https:\/\/herzmomente-fotografie.com\/wp-content\/uploads\/2022\/12\/IMG_9563-768x512.jpg 768w, https:\/\/herzmomente-fotografie.com\/wp-content\/uploads\/2022\/12\/IMG_9563-1536x1024.jpg 1536w, https:\/\/herzmomente-fotografie.com\/wp-content\/uploads\/2022\/12\/IMG_9563-2048x1365.jpg 2048w\" sizes=\"(max-width: 1024px) 100vw, 1024px\" \/><\/figure>\n\n\n\n<figure class=\"wp-block-image size-large is-style-default\"><img loading=\"lazy\" decoding=\"async\" width=\"1024\" height=\"683\" data-id=\"921\" src=\"http:\/\/herzmomente-fotografie.com\/wp-content\/uploads\/2022\/12\/CE6A7916-1024x683.jpg\" alt=\"\" class=\"wp-image-921\" srcset=\"https:\/\/herzmomente-fotografie.com\/wp-content\/uploads\/2022\/12\/CE6A7916-1024x683.jpg 1024w, https:\/\/herzmomente-fotografie.com\/wp-content\/uploads\/2022\/12\/CE6A7916-300x200.jpg 300w, https:\/\/herzmomente-fotografie.com\/wp-content\/uploads\/2022\/12\/CE6A7916-768x512.jpg 768w, https:\/\/herzmomente-fotografie.com\/wp-content\/uploads\/2022\/12\/CE6A7916-1536x1024.jpg 1536w, https:\/\/herzmomente-fotografie.com\/wp-content\/uploads\/2022\/12\/CE6A7916-2048x1365.jpg 2048w\" sizes=\"(max-width: 1024px) 100vw, 1024px\" \/><\/figure>\n\n\n\n<figure class=\"wp-block-image size-large is-style-default\"><img loading=\"lazy\" decoding=\"async\" width=\"1024\" height=\"683\" data-id=\"923\" src=\"http:\/\/herzmomente-fotografie.com\/wp-content\/uploads\/2022\/12\/IMG_0187-1024x683.jpg\" alt=\"\" class=\"wp-image-923\" srcset=\"https:\/\/herzmomente-fotografie.com\/wp-content\/uploads\/2022\/12\/IMG_0187-1024x683.jpg 1024w, https:\/\/herzmomente-fotografie.com\/wp-content\/uploads\/2022\/12\/IMG_0187-300x200.jpg 300w, https:\/\/herzmomente-fotografie.com\/wp-content\/uploads\/2022\/12\/IMG_0187-768x512.jpg 768w, https:\/\/herzmomente-fotografie.com\/wp-content\/uploads\/2022\/12\/IMG_0187-1536x1024.jpg 1536w, https:\/\/herzmomente-fotografie.com\/wp-content\/uploads\/2022\/12\/IMG_0187-2048x1365.jpg 2048w\" sizes=\"(max-width: 1024px) 100vw, 1024px\" \/><\/figure>\n\n\n\n<figure class=\"wp-block-image size-large is-style-default\"><img loading=\"lazy\" decoding=\"async\" width=\"1024\" height=\"683\" data-id=\"684\" src=\"http:\/\/herzmomente-fotografie.com\/wp-content\/uploads\/2021\/04\/IMG_8125-1024x683.jpg\" alt=\"\" class=\"wp-image-684\" srcset=\"https:\/\/herzmomente-fotografie.com\/wp-content\/uploads\/2021\/04\/IMG_8125-1024x683.jpg 1024w, https:\/\/herzmomente-fotografie.com\/wp-content\/uploads\/2021\/04\/IMG_8125-300x200.jpg 300w, https:\/\/herzmomente-fotografie.com\/wp-content\/uploads\/2021\/04\/IMG_8125-768x512.jpg 768w, https:\/\/herzmomente-fotografie.com\/wp-content\/uploads\/2021\/04\/IMG_8125-1536x1024.jpg 1536w, https:\/\/herzmomente-fotografie.com\/wp-content\/uploads\/2021\/04\/IMG_8125.jpg 2048w\" sizes=\"(max-width: 1024px) 100vw, 1024px\" \/><\/figure>\n\n\n\n<figure class=\"wp-block-image size-large is-style-default\"><img loading=\"lazy\" decoding=\"async\" width=\"683\" height=\"1024\" data-id=\"913\" src=\"http:\/\/herzmomente-fotografie.com\/wp-content\/uploads\/2022\/12\/CE6A5946-683x1024.jpg\" alt=\"\" class=\"wp-image-913\" srcset=\"https:\/\/herzmomente-fotografie.com\/wp-content\/uploads\/2022\/12\/CE6A5946-683x1024.jpg 683w, https:\/\/herzmomente-fotografie.com\/wp-content\/uploads\/2022\/12\/CE6A5946-200x300.jpg 200w, https:\/\/herzmomente-fotografie.com\/wp-content\/uploads\/2022\/12\/CE6A5946-768x1152.jpg 768w, https:\/\/herzmomente-fotografie.com\/wp-content\/uploads\/2022\/12\/CE6A5946-1024x1536.jpg 1024w, https:\/\/herzmomente-fotografie.com\/wp-content\/uploads\/2022\/12\/CE6A5946-1365x2048.jpg 1365w, https:\/\/herzmomente-fotografie.com\/wp-content\/uploads\/2022\/12\/CE6A5946-scaled.jpg 1707w\" sizes=\"(max-width: 683px) 100vw, 683px\" \/><\/figure>\n\n\n\n<figure class=\"wp-block-image size-large is-style-default\"><img loading=\"lazy\" decoding=\"async\" width=\"683\" height=\"1024\" data-id=\"917\" src=\"http:\/\/herzmomente-fotografie.com\/wp-content\/uploads\/2022\/12\/CE6A0379-683x1024.jpg\" alt=\"\" class=\"wp-image-917\" srcset=\"https:\/\/herzmomente-fotografie.com\/wp-content\/uploads\/2022\/12\/CE6A0379-683x1024.jpg 683w, https:\/\/herzmomente-fotografie.com\/wp-content\/uploads\/2022\/12\/CE6A0379-200x300.jpg 200w, https:\/\/herzmomente-fotografie.com\/wp-content\/uploads\/2022\/12\/CE6A0379-768x1152.jpg 768w, https:\/\/herzmomente-fotografie.com\/wp-content\/uploads\/2022\/12\/CE6A0379-1024x1536.jpg 1024w, https:\/\/herzmomente-fotografie.com\/wp-content\/uploads\/2022\/12\/CE6A0379-1365x2048.jpg 1365w, https:\/\/herzmomente-fotografie.com\/wp-content\/uploads\/2022\/12\/CE6A0379-scaled.jpg 1707w\" sizes=\"(max-width: 683px) 100vw, 683px\" \/><\/figure>\n\n\n\n<figure class=\"wp-block-image size-large is-style-default\"><img loading=\"lazy\" decoding=\"async\" width=\"683\" height=\"1024\" data-id=\"890\" src=\"http:\/\/herzmomente-fotografie.com\/wp-content\/uploads\/2022\/07\/IMG_4315-683x1024.jpg\" alt=\"\" class=\"wp-image-890\" srcset=\"https:\/\/herzmomente-fotografie.com\/wp-content\/uploads\/2022\/07\/IMG_4315-683x1024.jpg 683w, https:\/\/herzmomente-fotografie.com\/wp-content\/uploads\/2022\/07\/IMG_4315-200x300.jpg 200w, https:\/\/herzmomente-fotografie.com\/wp-content\/uploads\/2022\/07\/IMG_4315-768x1152.jpg 768w, https:\/\/herzmomente-fotografie.com\/wp-content\/uploads\/2022\/07\/IMG_4315-1024x1536.jpg 1024w, https:\/\/herzmomente-fotografie.com\/wp-content\/uploads\/2022\/07\/IMG_4315-1365x2048.jpg 1365w, https:\/\/herzmomente-fotografie.com\/wp-content\/uploads\/2022\/07\/IMG_4315-scaled.jpg 1707w\" sizes=\"(max-width: 683px) 100vw, 683px\" \/><\/figure>\n\n\n\n<figure class=\"wp-block-image size-large is-style-default\"><img loading=\"lazy\" decoding=\"async\" width=\"683\" height=\"1024\" data-id=\"685\" src=\"http:\/\/herzmomente-fotografie.com\/wp-content\/uploads\/2021\/04\/IMG_7676-683x1024.jpg\" alt=\"\" class=\"wp-image-685\" srcset=\"https:\/\/herzmomente-fotografie.com\/wp-content\/uploads\/2021\/04\/IMG_7676-683x1024.jpg 683w, https:\/\/herzmomente-fotografie.com\/wp-content\/uploads\/2021\/04\/IMG_7676-200x300.jpg 200w, https:\/\/herzmomente-fotografie.com\/wp-content\/uploads\/2021\/04\/IMG_7676-768x1152.jpg 768w, https:\/\/herzmomente-fotografie.com\/wp-content\/uploads\/2021\/04\/IMG_7676-1024x1536.jpg 1024w, https:\/\/herzmomente-fotografie.com\/wp-content\/uploads\/2021\/04\/IMG_7676.jpg 1365w\" sizes=\"(max-width: 683px) 100vw, 683px\" \/><\/figure>\n\n\n\n<figure class=\"wp-block-image size-large is-style-default\"><img loading=\"lazy\" decoding=\"async\" width=\"1024\" height=\"683\" data-id=\"737\" src=\"http:\/\/herzmomente-fotografie.com\/wp-content\/uploads\/2021\/08\/IMG_0926-2-1024x683.jpg\" alt=\"\" class=\"wp-image-737\" srcset=\"https:\/\/herzmomente-fotografie.com\/wp-content\/uploads\/2021\/08\/IMG_0926-2-1024x683.jpg 1024w, https:\/\/herzmomente-fotografie.com\/wp-content\/uploads\/2021\/08\/IMG_0926-2-300x200.jpg 300w, https:\/\/herzmomente-fotografie.com\/wp-content\/uploads\/2021\/08\/IMG_0926-2-768x512.jpg 768w, https:\/\/herzmomente-fotografie.com\/wp-content\/uploads\/2021\/08\/IMG_0926-2-1536x1024.jpg 1536w, https:\/\/herzmomente-fotografie.com\/wp-content\/uploads\/2021\/08\/IMG_0926-2.jpg 2048w\" sizes=\"(max-width: 1024px) 100vw, 1024px\" \/><\/figure>\n<\/figure>\n\n\n\n<figure class=\"wp-block-image size-large is-style-rounded\"><img loading=\"lazy\" decoding=\"async\" width=\"1024\" height=\"683\" src=\"http:\/\/herzmomente-fotografie.com\/wp-content\/uploads\/2022\/12\/CE6A0464-1024x683.jpg\" alt=\"\" class=\"wp-image-916\" srcset=\"https:\/\/herzmomente-fotografie.com\/wp-content\/uploads\/2022\/12\/CE6A0464-1024x683.jpg 1024w, https:\/\/herzmomente-fotografie.com\/wp-content\/uploads\/2022\/12\/CE6A0464-300x200.jpg 300w, https:\/\/herzmomente-fotografie.com\/wp-content\/uploads\/2022\/12\/CE6A0464-768x512.jpg 768w, https:\/\/herzmomente-fotografie.com\/wp-content\/uploads\/2022\/12\/CE6A0464-1536x1024.jpg 1536w, https:\/\/herzmomente-fotografie.com\/wp-content\/uploads\/2022\/12\/CE6A0464-2048x1365.jpg 2048w\" sizes=\"(max-width: 1024px) 100vw, 1024px\" \/><\/figure>\n\n\n\n<div class=\"wp-block-group\"><div class=\"wp-block-group__inner-container is-layout-flow wp-block-group-is-layout-flow\">\n<div class=\"wp-block-group\"><div class=\"wp-block-group__inner-container is-layout-flow wp-block-group-is-layout-flow\"><\/div><\/div>\n<\/div><\/div>\n","protected":false},"excerpt":{"rendered":"<p>Familie ist Leben, Liebe, Lachen. Familie ist da, wo das Chaos nie endet, das Gl\u00fcck aber trotzdem immer gr\u00f6\u00dfer sein wird. Familie ist bunt, vielseitig und immer besonders. Und so besonders wie eure Familie, lichte ich auch eure individuellen Familienfotos ab. Dieser verantwortungsvollen Aufgabe bin ich mir durchaus bewusst. Keine Sekunde kommt so wie sie [&hellip;]<\/p>\n","protected":false},"author":1,"featured_media":0,"parent":0,"menu_order":0,"comment_status":"closed","ping_status":"closed","template":"","meta":{"_genesis_hide_title":false,"_genesis_hide_breadcrumbs":false,"_genesis_hide_singular_image":false,"_genesis_hide_footer_widgets":false,"_genesis_custom_body_class":"","_genesis_custom_post_class":"","_genesis_layout":"","footnotes":""},"_links":{"self":[{"href":"https:\/\/herzmomente-fotografie.com\/index.php?rest_route=\/wp\/v2\/pages\/11"}],"collection":[{"href":"https:\/\/herzmomente-fotografie.com\/index.php?rest_route=\/wp\/v2\/pages"}],"about":[{"href":"https:\/\/herzmomente-fotografie.com\/index.php?rest_route=\/wp\/v2\/types\/page"}],"author":[{"embeddable":true,"href":"https:\/\/herzmomente-fotografie.com\/index.php?rest_route=\/wp\/v2\/users\/1"}],"replies":[{"embeddable":true,"href":"https:\/\/herzmomente-fotografie.com\/index.php?rest_route=%2Fwp%2Fv2%2Fcomments&post=11"}],"version-history":[{"count":27,"href":"https:\/\/herzmomente-fotografie.com\/index.php?rest_route=\/wp\/v2\/pages\/11\/revisions"}],"predecessor-version":[{"id":924,"href":"https:\/\/herzmomente-fotografie.com\/index.php?rest_route=\/wp\/v2\/pages\/11\/revisions\/924"}],"wp:attachment":[{"href":"https:\/\/herzmomente-fotografie.com\/index.php?rest_route=%2Fwp%2Fv2%2Fmedia&parent=11"}],"curies":[{"name":"wp","href":"https:\/\/api.w.org\/{rel}","templated":true}]}}