{"id":15,"date":"2020-01-08T07:37:14","date_gmt":"2020-01-08T07:37:14","guid":{"rendered":"http:\/\/herzmomente-fotografie.com\/?page_id=15"},"modified":"2025-12-16T11:49:14","modified_gmt":"2025-12-16T11:49:14","slug":"kontakt","status":"publish","type":"page","link":"https:\/\/herzmomente-fotografie.com\/?page_id=15","title":{"rendered":"\u00dcber mich"},"content":{"rendered":"<div class=\"wp-block-image\">\n<figure class=\"aligncenter size-large is-resized\"><img loading=\"lazy\" decoding=\"async\" width=\"1024\" height=\"576\" src=\"http:\/\/herzmomente-fotografie.com\/wp-content\/uploads\/2020\/01\/Herzlich-Willkommen20-1024x576.png\" alt=\"\" class=\"wp-image-256\" style=\"width:395px;height:222px\" srcset=\"https:\/\/herzmomente-fotografie.com\/wp-content\/uploads\/2020\/01\/Herzlich-Willkommen20-1024x576.png 1024w, https:\/\/herzmomente-fotografie.com\/wp-content\/uploads\/2020\/01\/Herzlich-Willkommen20-300x169.png 300w, https:\/\/herzmomente-fotografie.com\/wp-content\/uploads\/2020\/01\/Herzlich-Willkommen20-768x432.png 768w, https:\/\/herzmomente-fotografie.com\/wp-content\/uploads\/2020\/01\/Herzlich-Willkommen20.png 1280w\" sizes=\"(max-width: 1024px) 100vw, 1024px\" \/><\/figure><\/div>\n\n\n<p class=\"has-text-align-center\">Ich bin Romy, 39 Jahre alt, bin in N\u00fcrnberg aufgewachsen, die Liebe jedoch hat mich ins sch\u00f6ne Oberfranken, ins idyllische \u00d6rtchen Hutschdorf verschlagen. Als Mama wei\u00df ich, wie schnell Momente verstreichen, wie schnell Kinder gro\u00df werden, die Monate dahinziehen und wie sehr man sich manchmal danach sehnt, die Zeit ein bisschen anzuhalten. Geschichten und Erlebnisse einzufangen, um sie unvergessen zu machen \u2013 die einzige M\u00f6glichkeit, die uns das bietet, ist die Fotografie. Ich glaube, genau das ist der Grund, warum ich so gerne als Fotografin arbeite \u2013 weil mir so genau dieses \u201eMomente einfangen und festhalten\u201c m\u00f6glich ist.<\/p>\n\n\n\n<p class=\"has-text-align-center has-medium-font-size\"> <em><strong>&#8222;Ohne Fotografie ist der Moment f\u00fcr immer verloren, so als ob es ihn nie gegeben h\u00e4tte.&#8220;<\/strong><\/em> <\/p>\n\n\n\n<div class=\"wp-block-columns is-layout-flex wp-container-core-columns-is-layout-1 wp-block-columns-is-layout-flex\">\n<div class=\"wp-block-column is-layout-flow wp-block-column-is-layout-flow\"><\/div>\n\n\n\n<div class=\"wp-block-column is-layout-flow wp-block-column-is-layout-flow\"><\/div>\n<\/div>\n\n\n\n<div class=\"wp-block-columns is-layout-flex wp-container-core-columns-is-layout-2 wp-block-columns-is-layout-flex\">\n<div class=\"wp-block-column is-layout-flow wp-block-column-is-layout-flow\" style=\"flex-basis:25%\">\n<h2 class=\"wp-block-heading has-text-color\" style=\"color:#b53e39\">Was ich liebe<\/h2>\n\n\n\n<ul>\n<li>meine Familie<\/li>\n\n\n\n<li>herzliches Lachen<\/li>\n\n\n\n<li>den Sommer mit all seinen Facetten<\/li>\n\n\n\n<li>gute B\u00fccher<\/li>\n\n\n\n<li>Musik (immer &amp; \u00fcberall!)<\/li>\n\n\n\n<li>gutes Essen<\/li>\n<\/ul>\n<\/div>\n\n\n\n<div class=\"wp-block-column is-layout-flow wp-block-column-is-layout-flow\" style=\"flex-basis:50%\">\n<figure class=\"wp-block-gallery has-nested-images columns-default is-cropped wp-block-gallery-1 is-layout-flex wp-block-gallery-is-layout-flex\">\n<figure class=\"wp-block-image size-large is-style-default\"><img loading=\"lazy\" decoding=\"async\" width=\"683\" height=\"1024\" src=\"http:\/\/herzmomente-fotografie.com\/wp-content\/uploads\/2022\/07\/DSC_0010-2-683x1024.jpg\" alt=\"\" class=\"wp-image-893\" srcset=\"https:\/\/herzmomente-fotografie.com\/wp-content\/uploads\/2022\/07\/DSC_0010-2-683x1024.jpg 683w, https:\/\/herzmomente-fotografie.com\/wp-content\/uploads\/2022\/07\/DSC_0010-2-200x300.jpg 200w, https:\/\/herzmomente-fotografie.com\/wp-content\/uploads\/2022\/07\/DSC_0010-2-768x1152.jpg 768w, https:\/\/herzmomente-fotografie.com\/wp-content\/uploads\/2022\/07\/DSC_0010-2-1024x1536.jpg 1024w, https:\/\/herzmomente-fotografie.com\/wp-content\/uploads\/2022\/07\/DSC_0010-2-1365x2048.jpg 1365w, https:\/\/herzmomente-fotografie.com\/wp-content\/uploads\/2022\/07\/DSC_0010-2-scaled.jpg 1707w\" sizes=\"(max-width: 683px) 100vw, 683px\" \/><\/figure>\n<\/figure>\n<\/div>\n\n\n\n<div class=\"wp-block-column is-layout-flow wp-block-column-is-layout-flow\" style=\"flex-basis:25%\">\n<h2 class=\"wp-block-heading has-text-color\" style=\"color:#b53e39\">Mein Lieblingszitat:<\/h2>\n\n\n\n<p class=\"has-medium-font-size\">&#8222;<em>Wenn auf der Erde die Liebe herrschte, w\u00e4ren alle Gesetze entbehrlich.<\/em>&#8222;<\/p>\n<\/div>\n<\/div>\n\n\n\n<h2 class=\"wp-block-heading has-text-align-center has-text-color\" style=\"color:#b53e39\">Wie ich als Fotografin arbeite<\/h2>\n\n\n\n<p class=\"has-text-align-center\">Mir ist es\nwichtig, dass wir uns kennen und verstehen lernen, damit du beim Shooting\neinfach nur du selbst sein und die Zeit genie\u00dfen kannst. Wenn wir gemeinsam\nlachen, ungezwungen reden, verlieren die Menschen vor der Kamera ihre\nUnsicherheit. Zudem nehme ich mir genug Zeit, denn gerade Babies, Kinder und\nFamilien haben ihren eigenen Rhythmus \u2013 auf den ich mich voll und ganz\neinstelle. Genaue Zeitangaben gibt es bei mir nicht \u2013 ich lege die Kamera erst\nweg, wenn alle das Gef\u00fchl haben zufrieden zu sein.<\/p>\n\n\n\n<p class=\"has-text-align-center\">Zudem ist mir\nVorarbeit sehr wichtig: Wenn wir einen Termin festgelegt haben, d\u00fcrft ihr mir\ngerne jederzeit Impulse geben, zeigen was euch gef\u00e4llt, mir Beispielfotos\nschicken, so dass ich wei\u00df, was euch gef\u00e4llt \u2013 und nat\u00fcrlich Fragen \u00fcber Fragen\nstellen. So kann ich mich noch besser auf euch und euer Shooting einstellen.<\/p>\n\n\n\n<p class=\"has-text-align-center\">Die Nachbearbeitung ist auch ein gro\u00dfer Bestandteil beim Entstehen eurer Fotos. Dieser (Zeit-)Faktor wird h\u00e4ufig untersch\u00e4tzt. Ich setze hierbei auf Nat\u00fcrlichkeit, und nehme deshalb keine groben Eingriffe per Photoshop vor, sondern arbeite die einzigartigen Details der Bilder ganz nat\u00fcrlich heraus.<\/p>\n\n\n\n<figure class=\"wp-block-image size-large is-style-default\"><img loading=\"lazy\" decoding=\"async\" width=\"1024\" height=\"683\" src=\"http:\/\/herzmomente-fotografie.com\/wp-content\/uploads\/2022\/07\/DSC_0030-1024x683.jpg\" alt=\"\" class=\"wp-image-895\" srcset=\"https:\/\/herzmomente-fotografie.com\/wp-content\/uploads\/2022\/07\/DSC_0030-1024x683.jpg 1024w, https:\/\/herzmomente-fotografie.com\/wp-content\/uploads\/2022\/07\/DSC_0030-300x200.jpg 300w, https:\/\/herzmomente-fotografie.com\/wp-content\/uploads\/2022\/07\/DSC_0030-768x512.jpg 768w, https:\/\/herzmomente-fotografie.com\/wp-content\/uploads\/2022\/07\/DSC_0030-1536x1024.jpg 1536w, https:\/\/herzmomente-fotografie.com\/wp-content\/uploads\/2022\/07\/DSC_0030-2048x1365.jpg 2048w\" sizes=\"(max-width: 1024px) 100vw, 1024px\" \/><\/figure>\n\n\n\n<p class=\"has-text-align-center has-text-color has-large-font-size\" style=\"color:#b53e39\"><strong>Ich freue mich auf euch!<\/strong><\/p>\n\n\n<div class=\"wp-block-image\">\n<figure class=\"aligncenter size-large is-resized\"><img loading=\"lazy\" decoding=\"async\" width=\"1024\" height=\"327\" src=\"http:\/\/herzmomente-fotografie.com\/wp-content\/uploads\/2020\/01\/Herzlich-Willkommen6-e1578498855116-1024x327.png\" alt=\"\" class=\"wp-image-152\" style=\"width:476px;height:151px\" srcset=\"https:\/\/herzmomente-fotografie.com\/wp-content\/uploads\/2020\/01\/Herzlich-Willkommen6-e1578498855116-1024x327.png 1024w, https:\/\/herzmomente-fotografie.com\/wp-content\/uploads\/2020\/01\/Herzlich-Willkommen6-e1578498855116-300x96.png 300w, https:\/\/herzmomente-fotografie.com\/wp-content\/uploads\/2020\/01\/Herzlich-Willkommen6-e1578498855116-768x245.png 768w, https:\/\/herzmomente-fotografie.com\/wp-content\/uploads\/2020\/01\/Herzlich-Willkommen6-e1578498855116.png 1280w\" sizes=\"(max-width: 1024px) 100vw, 1024px\" \/><\/figure><\/div>\n\n\n<a href=\"https:\/\/bewertung.portraitbox.com\/fotostudios\/herzmomente?prtnr=ratingbadge-herzmomente\"><img decoding=\"async\" src=\"https:\/\/api.portraitbox.com\/galleries\/herzmomente\/media\/badges\/rating.png\" style=\"max-width:250px;\" title=\"Fotostudio-Bewertung auf portraitbox.com\" alt=\"Fotostudio-Bewertung auf portraitbox.com\"><\/a>\n","protected":false},"excerpt":{"rendered":"<p>Ich bin Romy, 39 Jahre alt, bin in N\u00fcrnberg aufgewachsen, die Liebe jedoch hat mich ins sch\u00f6ne Oberfranken, ins idyllische \u00d6rtchen Hutschdorf verschlagen. Als Mama wei\u00df ich, wie schnell Momente verstreichen, wie schnell Kinder gro\u00df werden, die Monate dahinziehen und wie sehr man sich manchmal danach sehnt, die Zeit ein bisschen anzuhalten. Geschichten und Erlebnisse [&hellip;]<\/p>\n","protected":false},"author":1,"featured_media":0,"parent":0,"menu_order":0,"comment_status":"closed","ping_status":"closed","template":"","meta":{"_genesis_hide_title":false,"_genesis_hide_breadcrumbs":false,"_genesis_hide_singular_image":false,"_genesis_hide_footer_widgets":false,"_genesis_custom_body_class":"","_genesis_custom_post_class":"","_genesis_layout":"","footnotes":""},"_links":{"self":[{"href":"https:\/\/herzmomente-fotografie.com\/index.php?rest_route=\/wp\/v2\/pages\/15"}],"collection":[{"href":"https:\/\/herzmomente-fotografie.com\/index.php?rest_route=\/wp\/v2\/pages"}],"about":[{"href":"https:\/\/herzmomente-fotografie.com\/index.php?rest_route=\/wp\/v2\/types\/page"}],"author":[{"embeddable":true,"href":"https:\/\/herzmomente-fotografie.com\/index.php?rest_route=\/wp\/v2\/users\/1"}],"replies":[{"embeddable":true,"href":"https:\/\/herzmomente-fotografie.com\/index.php?rest_route=%2Fwp%2Fv2%2Fcomments&post=15"}],"version-history":[{"count":29,"href":"https:\/\/herzmomente-fotografie.com\/index.php?rest_route=\/wp\/v2\/pages\/15\/revisions"}],"predecessor-version":[{"id":1094,"href":"https:\/\/herzmomente-fotografie.com\/index.php?rest_route=\/wp\/v2\/pages\/15\/revisions\/1094"}],"wp:attachment":[{"href":"https:\/\/herzmomente-fotografie.com\/index.php?rest_route=%2Fwp%2Fv2%2Fmedia&parent=15"}],"curies":[{"name":"wp","href":"https:\/\/api.w.org\/{rel}","templated":true}]}}