{"id":317,"date":"2020-01-16T09:48:18","date_gmt":"2020-01-16T09:48:18","guid":{"rendered":"http:\/\/herzmomente-fotografie.com\/?page_id=317"},"modified":"2024-04-05T16:08:40","modified_gmt":"2024-04-05T16:08:40","slug":"infos-2","status":"publish","type":"page","link":"https:\/\/herzmomente-fotografie.com\/?page_id=317","title":{"rendered":"INFOS"},"content":{"rendered":"\n<p><strong>Was d\u00fcrft ihr mit den Bildern machen und was nicht? <\/strong><\/p>\n\n\n\n<p>Alle Bilder darfst du unver\u00e4ndert f\u00fcr private, nichtkommerzielle Zwecke verwenden. Das hei\u00dft, du darfst sie gerne vervielfachen f\u00fcr deine Freunde, Verwandte, Bekannte, usw. Nat\u00fcrlich darfst du sie <br> auch in dein Fotoalbum kleben und bei Bewerbungen oder dergleichen verwenden. Ver\u00f6ffentliche die Fotos gerne in deinem Facebookprofil oder auf Instagram, dann aber ohne einen Filter dr\u00fcberzulegen, denn sonst ist das Bild nicht mehr im Originalzustand! Ich freue mich riesig, <br> wenn ihr mich unter eurem Post als Fotografin verlinken w\u00fcrdet. <\/p>\n\n\n\n<p><strong>Werden die Bilder ver\u00f6ffentlicht? <\/strong><\/p>\n\n\n\n<p>Sofern ihr mir die Freigabe erteilt habt, kann es durchaus m\u00f6glich sein, dass ich Bilder zur Eigenwerbung, auf Social Media Plattformen, meiner eigenen Homepage und f\u00fcr div. Druckmedien verwenden werde. Doch keine Sorge, in der Regel geschieht das ohne jegliche Namensnennung, die Euch in Verbindung mit den Fotos bringen k\u00f6nnten. <\/p>\n\n\n\n<p><strong>Wie lange dauert es bis wir die Bilder in den H\u00e4nden halten k\u00f6nnen?<\/strong><\/p>\n\n\n\n<p>Bei normalen Shootings dauert die Bearbeitung, je nach aktuellem Auftragsvolumen, ein paar Tage bis ca. 1 Woche. Ihr erhaltet eure Bilder entweder \u00fcber eine passwortgesch\u00fctzte Online-Galerie oder USB-Stick in voller Aufl\u00f6sung und fertig bearbeitet als JPG-Datei.  <\/p>\n\n\n\n<p><strong>Was ist, wenn ich mehr Bilddateien erwerben m\u00f6chte, als im gebuchten Paket enthalten?<\/strong><\/p>\n\n\n\n<p>Gerne kannst du weitere Bilddateien aus allen entstandenen Fotos ausw\u00e4hlen. Jede weitere Bilddatei kostet 10 Euro oder du w\u00e4hlst eines meiner Sparpakete.<\/p>\n\n\n\n<p><strong>Sind Nachbestellungen zu einem sp\u00e4teren Zeitpunkt m\u00f6glich?<\/strong><\/p>\n\n\n\n<p>Nachbestellungen von digitalen Bilddateien sind ab Shootingdatum mindestens ein Jahr m\u00f6glich \u2013 so lange werden alle Originaldateien bei mir gespeichert. <\/p>\n\n\n\n<p><strong>Was soll ich\/mein Kind zum Shooting anziehen? <\/strong><\/p>\n\n\n\n<p>In erster Linie solltest du das Outfit anziehen, in dem du dich wohlf\u00fchlst oder wie du immer schon mal gerne abgelichtet werden wolltest. Zu meinem Farbkonzept eignen sich am besten Naturt\u00f6ne wie creme\/wei\u00df\/braun\/beige oder auch jeansfarben. Knallige Farben harmonieren eher weniger mit meinem Bildlook. Nat\u00fcrlich ist es aber auch abh\u00e4ngig davon, was wir genau shooten wollen. Outdoor sollte es m\u00f6glichst einfarbig aber nichts gr\u00fcnes sein, da in der Natur sowieso viel Gr\u00fcn vorkommt und du dann im schlimmsten Fall auf dem Bild schlecht zu erkennen bist. Am besten sollte es also einfarbig sein und sich gut vom gr\u00fcn abheben. Kurz vorm dem Shooting sprechen wir gern nochmal dar\u00fcber. Um auf Nummer sicher zu gehen, bringst du eine kleine Auswahl an Klamotten mit, ein kurzer Kleidertausch ist gar kein Problem! Lieber hast du zu viel dabei.<\/p>\n\n\n\n<p>Beim <strong>Babybauchshooting<\/strong> bietet es sich an, wenn die gew\u00e4hlte Kleidung unifarben ist, damit der Babybauch sch\u00f6n zur Geltung kommt.  F\u00fcr das <strong>Newbornshooting<\/strong> habe ich in meinem Studio ein Fundus an Objekten. Decken, Accessoires und Requisiten sind gen\u00fcgend vorhanden. Auch M\u00fctzchen, H\u00f6schen, Hintergr\u00fcnde oder Haarb\u00e4nder, alles ist f\u00fcr Euer kleines Wunder vorbereitet. Wenn es ein Lieblingsst\u00fcck geben sollte, wie  ein Pl\u00fcschtier oder ein ganz besonderer Schnuller, Namenskettchen oder \u00e4hnliches, dann d\u00fcrft Ihr das nat\u00fcrlich sehr gerne mitbringen!  <\/p>\n\n\n\n<p>Bei <strong>Familienfotos <\/strong>ist es von Vorteil, wenn ihr euch farblich abstimmt. Bitte versucht jedoch, die Kleidung so zu w\u00e4hlen das Babys\/Kinder im Kontrast zu den Eltern sind. Zum Beispiel die Eltern tragen etwas braunes, dann bitte den Kindern etwas wei\u00dfes anziehen oder umgedreht. Bei Ton in Ton kann es passieren das Babys\/Kinder auf den Armen der Eltern untergehen im Bild. W\u00e4hlt am besten harmonische Farben. Zu meinem Farbkonzept eignen sich am besten Naturt\u00f6ne wie creme\/wei\u00df\/braun\/beige oder auch jeansfarben. Knallige Farben harmonieren eher weniger mit meinem Bildlook. Bitte verzichtet auf wilde Muster und auf die bunten Kinder Motiv-Shirts oder generell auf knallige Farben, denn dies w\u00fcrde einfach zu sehr von euch ablenken.  <\/p>\n\n\n\n<p>Wenn du noch bestimmte Accessoires (Ultraschallbild, Schnullerkette oder sonstige pers\u00f6nliche Dinge) mitbringen m\u00f6chtest, kannst du das gerne tun. Ansonsten bitte ich dich, bereits Zuhause Make-up und Styling vorzunehmen. F\u00fcr Outfitwechsel oder Auffrischen von Make-up ist selbstverst\u00e4ndlich dennoch vor Ort Zeit, denn schlie\u00dflich ist es dein Shooting und du sollst dich wohl f\u00fchlen.  <\/p>\n\n\n\n<p><strong>Was passiert, wenn ich ein Shooting storniere? <\/strong> <\/p>\n\n\n\n<p>Solltest du unerwartet in Terminschwierigkeiten gekommen sein oder du bzw. Dein Kind ist krank, suchen wir einfach gemeinsam nach einem kurzfristigen (verbindlichen) Ersatztermin. Sollte das nicht m\u00f6glich oder gew\u00fcnscht sein, so ist ein Ausfallhonorar in H\u00f6he von 30% zu entrichten. <\/p>\n\n\n\n<p><strong>Kann ich auch einen Gutschein erwerben?  <\/strong><\/p>\n\n\n\n<p>Sehr gerne! Du kannst entweder einen Gutschein \u00fcber eines meiner Pakete erwerben oder \u00fcber einen Wunschbetrag ab 10 Euro. Schreib oder ruf mich gerne diesbez\u00fcglich an! <\/p>\n\n\n\n<p><strong>Wie sind deine \u00d6ffnungszeiten? <\/strong><\/p>\n\n\n\n<p>Ich vergebe Termine f\u00fcr Shootings und Beratungen ausschlie\u00dflich nach vorheriger Absprache. So kann ich mir DIE Zeit f\u00fcr euch nehmen, die f\u00fcr eure W\u00fcnsche und Anliegen n\u00f6tig ist. <\/p>\n","protected":false},"excerpt":{"rendered":"<p>Was d\u00fcrft ihr mit den Bildern machen und was nicht? Alle Bilder darfst du unver\u00e4ndert f\u00fcr private, nichtkommerzielle Zwecke verwenden. Das hei\u00dft, du darfst sie gerne vervielfachen f\u00fcr deine Freunde, Verwandte, Bekannte, usw. Nat\u00fcrlich darfst du sie auch in dein Fotoalbum kleben und bei Bewerbungen oder dergleichen verwenden. Ver\u00f6ffentliche die Fotos gerne in deinem Facebookprofil [&hellip;]<\/p>\n","protected":false},"author":1,"featured_media":0,"parent":0,"menu_order":0,"comment_status":"closed","ping_status":"closed","template":"","meta":{"_genesis_hide_title":false,"_genesis_hide_breadcrumbs":false,"_genesis_hide_singular_image":false,"_genesis_hide_footer_widgets":false,"_genesis_custom_body_class":"","_genesis_custom_post_class":"","_genesis_layout":"","footnotes":""},"_links":{"self":[{"href":"https:\/\/herzmomente-fotografie.com\/index.php?rest_route=\/wp\/v2\/pages\/317"}],"collection":[{"href":"https:\/\/herzmomente-fotografie.com\/index.php?rest_route=\/wp\/v2\/pages"}],"about":[{"href":"https:\/\/herzmomente-fotografie.com\/index.php?rest_route=\/wp\/v2\/types\/page"}],"author":[{"embeddable":true,"href":"https:\/\/herzmomente-fotografie.com\/index.php?rest_route=\/wp\/v2\/users\/1"}],"replies":[{"embeddable":true,"href":"https:\/\/herzmomente-fotografie.com\/index.php?rest_route=%2Fwp%2Fv2%2Fcomments&post=317"}],"version-history":[{"count":17,"href":"https:\/\/herzmomente-fotografie.com\/index.php?rest_route=\/wp\/v2\/pages\/317\/revisions"}],"predecessor-version":[{"id":1047,"href":"https:\/\/herzmomente-fotografie.com\/index.php?rest_route=\/wp\/v2\/pages\/317\/revisions\/1047"}],"wp:attachment":[{"href":"https:\/\/herzmomente-fotografie.com\/index.php?rest_route=%2Fwp%2Fv2%2Fmedia&parent=317"}],"curies":[{"name":"wp","href":"https:\/\/api.w.org\/{rel}","templated":true}]}}